{"id":727,"date":"2022-05-03T14:54:11","date_gmt":"2022-05-03T12:54:11","guid":{"rendered":"https:\/\/lesengages.com\/preprod\/?post_type=product&#038;p=727"},"modified":"2022-07-11T15:59:57","modified_gmt":"2022-07-11T13:59:57","slug":"biere-ambree-festus","status":"publish","type":"product","link":"https:\/\/lesengages.com\/preprod\/produit\/biere-ambree-festus\/","title":{"rendered":"Bi\u00e8re ambr\u00e9e &#8211; Festus"},"content":{"rendered":"<p>Bi\u00e8re ambr\u00e9e au gruyt,<br \/>\nM\u00e9daille de bronze au France Bi\u00e8re Challenge 2021<br \/>\nS\u00e9lectionn\u00e9e par Bi\u00e8re-Magazine \u00e9t\u00e9 2021<\/p>\n<p>&nbsp;<\/p>\n<p>alc. 7% vol.<\/p>\n","protected":false},"excerpt":{"rendered":"<p>Bi\u00e8re ambr\u00e9e au gruyt, M\u00e9daille de bronze au France Bi\u00e8re Challenge 2021 S\u00e9lectionn\u00e9e par Bi\u00e8re-Magazine \u00e9t\u00e9 2021 &nbsp; alc. 7% vol.<\/p>\n","protected":false},"featured_media":721,"comment_status":"open","ping_status":"closed","template":"","meta":{"inline_featured_image":false},"product_cat":[93,86],"product_tag":[],"class_list":["post-727","product","type-product","status-publish","has-post-thumbnail","hentry","product_cat-bieres","product_cat-boissons"],"acf":[],"_links":{"self":[{"href":"https:\/\/lesengages.com\/preprod\/wp-json\/wp\/v2\/product\/727","targetHints":{"allow":["GET"]}}],"collection":[{"href":"https:\/\/lesengages.com\/preprod\/wp-json\/wp\/v2\/product"}],"about":[{"href":"https:\/\/lesengages.com\/preprod\/wp-json\/wp\/v2\/types\/product"}],"replies":[{"embeddable":true,"href":"https:\/\/lesengages.com\/preprod\/wp-json\/wp\/v2\/comments?post=727"}],"wp:featuredmedia":[{"embeddable":true,"href":"https:\/\/lesengages.com\/preprod\/wp-json\/wp\/v2\/media\/721"}],"wp:attachment":[{"href":"https:\/\/lesengages.com\/preprod\/wp-json\/wp\/v2\/media?parent=727"}],"wp:term":[{"taxonomy":"product_cat","embeddable":true,"href":"https:\/\/lesengages.com\/preprod\/wp-json\/wp\/v2\/product_cat?post=727"},{"taxonomy":"product_tag","embeddable":true,"href":"https:\/\/lesengages.com\/preprod\/wp-json\/wp\/v2\/product_tag?post=727"}],"curies":[{"name":"wp","href":"https:\/\/api.w.org\/{rel}","templated":true}]}}