{"id":726,"date":"2022-05-03T14:53:15","date_gmt":"2022-05-03T12:53:15","guid":{"rendered":"https:\/\/lesengages.com\/preprod\/?post_type=product&#038;p=726"},"modified":"2022-07-11T16:00:03","modified_gmt":"2022-07-11T14:00:03","slug":"biere-brune-kovsh","status":"publish","type":"product","link":"https:\/\/lesengages.com\/preprod\/produit\/biere-brune-kovsh\/","title":{"rendered":"Bi\u00e8re brune &#8211; Kovsh"},"content":{"rendered":"<p>Bi\u00e8re noire de style Stout Imp\u00e9rial Russe \u00e0 l\u2019Avoine,<br \/>\nClass\u00e9e exceptionnelle au Guide Hachette des bi\u00e8res 2022<br \/>\nDouble m\u00e9daille d\u2019or au concours international de Lyon 2021<br \/>\nM\u00e9daille d\u2019argent au France Bi\u00e8re Challenge 2019.<\/p>\n<p>&nbsp;<\/p>\n<p>9,2% alc.<\/p>\n","protected":false},"excerpt":{"rendered":"<p>Bi\u00e8re noire de style Stout Imp\u00e9rial Russe \u00e0 l\u2019Avoine, Class\u00e9e exceptionnelle au Guide Hachette des bi\u00e8res 2022 Double m\u00e9daille d\u2019or au concours international de Lyon 2021 M\u00e9daille d\u2019argent au France Bi\u00e8re Challenge 2019. &nbsp; 9,2% alc.<\/p>\n","protected":false},"featured_media":722,"comment_status":"open","ping_status":"closed","template":"","meta":{"inline_featured_image":false},"product_cat":[93,86],"product_tag":[],"class_list":["post-726","product","type-product","status-publish","has-post-thumbnail","hentry","product_cat-bieres","product_cat-boissons"],"acf":[],"_links":{"self":[{"href":"https:\/\/lesengages.com\/preprod\/wp-json\/wp\/v2\/product\/726","targetHints":{"allow":["GET"]}}],"collection":[{"href":"https:\/\/lesengages.com\/preprod\/wp-json\/wp\/v2\/product"}],"about":[{"href":"https:\/\/lesengages.com\/preprod\/wp-json\/wp\/v2\/types\/product"}],"replies":[{"embeddable":true,"href":"https:\/\/lesengages.com\/preprod\/wp-json\/wp\/v2\/comments?post=726"}],"wp:featuredmedia":[{"embeddable":true,"href":"https:\/\/lesengages.com\/preprod\/wp-json\/wp\/v2\/media\/722"}],"wp:attachment":[{"href":"https:\/\/lesengages.com\/preprod\/wp-json\/wp\/v2\/media?parent=726"}],"wp:term":[{"taxonomy":"product_cat","embeddable":true,"href":"https:\/\/lesengages.com\/preprod\/wp-json\/wp\/v2\/product_cat?post=726"},{"taxonomy":"product_tag","embeddable":true,"href":"https:\/\/lesengages.com\/preprod\/wp-json\/wp\/v2\/product_tag?post=726"}],"curies":[{"name":"wp","href":"https:\/\/api.w.org\/{rel}","templated":true}]}}