{"id":717,"date":"2022-05-03T14:48:15","date_gmt":"2022-05-03T12:48:15","guid":{"rendered":"https:\/\/lesengages.com\/preprod\/?post_type=product&#038;p=717"},"modified":"2022-07-11T16:00:28","modified_gmt":"2022-07-11T14:00:28","slug":"biere-brune-noctimbul","status":"publish","type":"product","link":"https:\/\/lesengages.com\/preprod\/produit\/biere-brune-noctimbul\/","title":{"rendered":"Bi\u00e8re brune &#8211; Noctimbul"},"content":{"rendered":"<p>Double m\u00e9daille d\u2019Or au Concours International de Lyon 2021<br \/>\nM\u00e9daille d\u2019argent au Concours Internationnal de Dublin 2017<br \/>\nM\u00e9daille d\u2019or au concours 2014 des Produits du Terroir \u00e0 La Capelle en Thi\u00e9rache.<\/p>\n<p>Elle est enti\u00e8rement naturelle et bio comme toutes mes bi\u00e8res: ses seuls composants sont malts, houblons, levure et eau, et ses bulles sont issues de la fermentation en bouteille.<br \/>\nElle se conservera trois ans et bien davantage si vous la gardez debout, \u00e0 l\u2019abri de la lumi\u00e8re et au frais.<\/p>\n<p>7% alc.<\/p>\n","protected":false},"excerpt":{"rendered":"<p>Double m\u00e9daille d\u2019Or au Concours International de Lyon 2021 M\u00e9daille d\u2019argent au Concours Internationnal de Dublin 2017 M\u00e9daille d\u2019or au concours 2014 des Produits du Terroir \u00e0 La Capelle en Thi\u00e9rache. Elle est enti\u00e8rement naturelle et bio comme toutes mes bi\u00e8res: ses seuls composants sont malts, houblons, levure et eau, et ses bulles sont issues [&hellip;]<\/p>\n","protected":false},"featured_media":718,"comment_status":"open","ping_status":"closed","template":"","meta":{"inline_featured_image":false},"product_cat":[93,86],"product_tag":[],"class_list":["post-717","product","type-product","status-publish","has-post-thumbnail","hentry","product_cat-bieres","product_cat-boissons"],"acf":[],"_links":{"self":[{"href":"https:\/\/lesengages.com\/preprod\/wp-json\/wp\/v2\/product\/717","targetHints":{"allow":["GET"]}}],"collection":[{"href":"https:\/\/lesengages.com\/preprod\/wp-json\/wp\/v2\/product"}],"about":[{"href":"https:\/\/lesengages.com\/preprod\/wp-json\/wp\/v2\/types\/product"}],"replies":[{"embeddable":true,"href":"https:\/\/lesengages.com\/preprod\/wp-json\/wp\/v2\/comments?post=717"}],"wp:featuredmedia":[{"embeddable":true,"href":"https:\/\/lesengages.com\/preprod\/wp-json\/wp\/v2\/media\/718"}],"wp:attachment":[{"href":"https:\/\/lesengages.com\/preprod\/wp-json\/wp\/v2\/media?parent=717"}],"wp:term":[{"taxonomy":"product_cat","embeddable":true,"href":"https:\/\/lesengages.com\/preprod\/wp-json\/wp\/v2\/product_cat?post=717"},{"taxonomy":"product_tag","embeddable":true,"href":"https:\/\/lesengages.com\/preprod\/wp-json\/wp\/v2\/product_tag?post=717"}],"curies":[{"name":"wp","href":"https:\/\/api.w.org\/{rel}","templated":true}]}}