{"id":716,"date":"2022-05-03T14:46:29","date_gmt":"2022-05-03T12:46:29","guid":{"rendered":"https:\/\/lesengages.com\/preprod\/?post_type=product&#038;p=716"},"modified":"2022-07-11T16:00:41","modified_gmt":"2022-07-11T14:00:41","slug":"biere-blanche-bronzette","status":"publish","type":"product","link":"https:\/\/lesengages.com\/preprod\/produit\/biere-blanche-bronzette\/","title":{"rendered":"Bi\u00e8re blanche &#8211; Bronzette"},"content":{"rendered":"<p>Ses reflets dor\u00e9s, son trouble, son nez frais d\u2019agrumes et de verdure sont typiques du style bi\u00e8re blanche bavaroise. En bouche, une petite acidit\u00e9 citronn\u00e9e accentue la sensation de fra\u00eecheur. La saveur \u00e9volue ensuite sur des fruits m\u00fbrs (p\u00eache, abricot). L\u2019\u00e9talement est long sur les c\u00e9r\u00e9ales douces et teint\u00e9es d\u2019acidit\u00e9.<br \/>\nClass\u00e9e Remarquable (2**) au guide Hachette des bi\u00e8res 2014.<\/p>\n<p>5 % alc<\/p>\n","protected":false},"excerpt":{"rendered":"<p>Bi\u00e8re bio blonde de type Weizen 4 grains (froment, orge, sarrasin, avoine),<\/p>\n","protected":false},"featured_media":708,"comment_status":"open","ping_status":"closed","template":"","meta":{"inline_featured_image":false},"product_cat":[93,86],"product_tag":[],"class_list":["post-716","product","type-product","status-publish","has-post-thumbnail","hentry","product_cat-bieres","product_cat-boissons"],"acf":[],"_links":{"self":[{"href":"https:\/\/lesengages.com\/preprod\/wp-json\/wp\/v2\/product\/716","targetHints":{"allow":["GET"]}}],"collection":[{"href":"https:\/\/lesengages.com\/preprod\/wp-json\/wp\/v2\/product"}],"about":[{"href":"https:\/\/lesengages.com\/preprod\/wp-json\/wp\/v2\/types\/product"}],"replies":[{"embeddable":true,"href":"https:\/\/lesengages.com\/preprod\/wp-json\/wp\/v2\/comments?post=716"}],"wp:featuredmedia":[{"embeddable":true,"href":"https:\/\/lesengages.com\/preprod\/wp-json\/wp\/v2\/media\/708"}],"wp:attachment":[{"href":"https:\/\/lesengages.com\/preprod\/wp-json\/wp\/v2\/media?parent=716"}],"wp:term":[{"taxonomy":"product_cat","embeddable":true,"href":"https:\/\/lesengages.com\/preprod\/wp-json\/wp\/v2\/product_cat?post=716"},{"taxonomy":"product_tag","embeddable":true,"href":"https:\/\/lesengages.com\/preprod\/wp-json\/wp\/v2\/product_tag?post=716"}],"curies":[{"name":"wp","href":"https:\/\/api.w.org\/{rel}","templated":true}]}}