{"id":706,"date":"2022-05-03T14:44:22","date_gmt":"2022-05-03T12:44:22","guid":{"rendered":"https:\/\/lesengages.com\/preprod\/?post_type=product&#038;p=706"},"modified":"2022-07-11T16:00:44","modified_gmt":"2022-07-11T14:00:44","slug":"biere-blonde-pinte-douce","status":"publish","type":"product","link":"https:\/\/lesengages.com\/preprod\/produit\/biere-blonde-pinte-douce\/","title":{"rendered":"Bi\u00e8re blonde &#8211; Pinte douce"},"content":{"rendered":"<p>Bi\u00e8re blonde de type Saison 4,5 % alc.<br \/>\nM\u00e9daille d\u2019or au France Bi\u00e8re Challenge 2022<br \/>\nTroisi\u00e8me prix au concours des meilleurs produits du terroir de l\u2019Oise en 2012.<br \/>\nLe houblonnage \u00e0 cru, cette mac\u00e9ration de fleurs de houblon tr\u00e8s aromatique \u00e0 froid dans la cuve de garde, conf\u00e8re \u00e0 cette bi\u00e8re un riche parfum o\u00f9 se m\u00ealent citron, citronnelle, camomille et aub\u00e9pine. En bouche, la fra\u00eecheur pr\u00e9domine avec l\u2019amertume saillante du houblon aux accents de zeste citronn\u00e9 et un agr\u00e9able froment l\u00e9g\u00e8rement acidul\u00e9. La longue finale fra\u00eeche et sa faible teneur en alcool la rendent l\u00e9g\u00e8re et tr\u00e8s d\u00e9salt\u00e9rante.<br \/>\nC\u2019est une parfaite bi\u00e8re de terrasse pour l\u2019\u00e9t\u00e9. Elle accompagnera aussi un carpaccio de Saint-Jacques, les poissons et le fromage frais.<\/p>\n","protected":false},"excerpt":{"rendered":"<p>100% naturelle et bio , elle ne contient que malts, houblons, levure et eau.<\/p>\n<p>A conserver debout, au frais, et servir \u00e0 8\u00b0C.<\/p>\n","protected":false},"featured_media":709,"comment_status":"open","ping_status":"closed","template":"","meta":{"inline_featured_image":false},"product_cat":[93,86],"product_tag":[],"class_list":["post-706","product","type-product","status-publish","has-post-thumbnail","hentry","product_cat-bieres","product_cat-boissons"],"acf":[],"_links":{"self":[{"href":"https:\/\/lesengages.com\/preprod\/wp-json\/wp\/v2\/product\/706","targetHints":{"allow":["GET"]}}],"collection":[{"href":"https:\/\/lesengages.com\/preprod\/wp-json\/wp\/v2\/product"}],"about":[{"href":"https:\/\/lesengages.com\/preprod\/wp-json\/wp\/v2\/types\/product"}],"replies":[{"embeddable":true,"href":"https:\/\/lesengages.com\/preprod\/wp-json\/wp\/v2\/comments?post=706"}],"wp:featuredmedia":[{"embeddable":true,"href":"https:\/\/lesengages.com\/preprod\/wp-json\/wp\/v2\/media\/709"}],"wp:attachment":[{"href":"https:\/\/lesengages.com\/preprod\/wp-json\/wp\/v2\/media?parent=706"}],"wp:term":[{"taxonomy":"product_cat","embeddable":true,"href":"https:\/\/lesengages.com\/preprod\/wp-json\/wp\/v2\/product_cat?post=706"},{"taxonomy":"product_tag","embeddable":true,"href":"https:\/\/lesengages.com\/preprod\/wp-json\/wp\/v2\/product_tag?post=706"}],"curies":[{"name":"wp","href":"https:\/\/api.w.org\/{rel}","templated":true}]}}