{"id":703,"date":"2022-04-29T10:31:08","date_gmt":"2022-04-29T08:31:08","guid":{"rendered":"https:\/\/localhost\/les_engages\/?post_type=product&#038;p=703"},"modified":"2022-07-11T16:01:08","modified_gmt":"2022-07-11T14:01:08","slug":"boite-a-mouchoirs","status":"publish","type":"product","link":"https:\/\/lesengages.com\/preprod\/produit\/boite-a-mouchoirs\/","title":{"rendered":"Bo\u00eete \u00e0 mouchoirs"},"content":{"rendered":"<p>Papier 100% recycl\u00e9e<\/p>\n<p>Paquet de 100<\/p>\n","protected":false},"excerpt":{"rendered":"<p>Papier 100% recycl\u00e9e Paquet de 100<\/p>\n","protected":false},"featured_media":701,"comment_status":"open","ping_status":"closed","template":"","meta":{"inline_featured_image":false},"product_cat":[87],"product_tag":[],"class_list":["post-703","product","type-product","status-publish","has-post-thumbnail","hentry","product_cat-hygiene-et-corps"],"acf":[],"_links":{"self":[{"href":"https:\/\/lesengages.com\/preprod\/wp-json\/wp\/v2\/product\/703","targetHints":{"allow":["GET"]}}],"collection":[{"href":"https:\/\/lesengages.com\/preprod\/wp-json\/wp\/v2\/product"}],"about":[{"href":"https:\/\/lesengages.com\/preprod\/wp-json\/wp\/v2\/types\/product"}],"replies":[{"embeddable":true,"href":"https:\/\/lesengages.com\/preprod\/wp-json\/wp\/v2\/comments?post=703"}],"wp:featuredmedia":[{"embeddable":true,"href":"https:\/\/lesengages.com\/preprod\/wp-json\/wp\/v2\/media\/701"}],"wp:attachment":[{"href":"https:\/\/lesengages.com\/preprod\/wp-json\/wp\/v2\/media?parent=703"}],"wp:term":[{"taxonomy":"product_cat","embeddable":true,"href":"https:\/\/lesengages.com\/preprod\/wp-json\/wp\/v2\/product_cat?post=703"},{"taxonomy":"product_tag","embeddable":true,"href":"https:\/\/lesengages.com\/preprod\/wp-json\/wp\/v2\/product_tag?post=703"}],"curies":[{"name":"wp","href":"https:\/\/api.w.org\/{rel}","templated":true}]}}