{"id":696,"date":"2022-04-28T16:32:56","date_gmt":"2022-04-28T14:32:56","guid":{"rendered":"https:\/\/localhost\/les_engages\/?post_type=product&#038;p=696"},"modified":"2022-07-11T16:01:27","modified_gmt":"2022-07-11T14:01:27","slug":"lacher-prise","status":"publish","type":"product","link":"https:\/\/lesengages.com\/preprod\/produit\/lacher-prise\/","title":{"rendered":"&#8220;L\u00e2cher prise&#8221;"},"content":{"rendered":"<p>Synergie de 10 huiles essentielles, lorsque vous \u00eates stress\u00e9 et que vous n&#8217;arrivez pas \u00e0 vous relaxer<\/p>\n<p>Contenant de 170g<\/p>\n","protected":false},"excerpt":{"rendered":"<p>Synergie de 10 huiles essentielles, lorsque vous \u00eates stress\u00e9 et que vous n&#8217;arrivez pas \u00e0 vous relaxer Contenant de 170g<\/p>\n","protected":false},"featured_media":675,"comment_status":"open","ping_status":"closed","template":"","meta":{"inline_featured_image":false},"product_cat":[104,89],"product_tag":[],"class_list":["post-696","product","type-product","status-publish","has-post-thumbnail","hentry","product_cat-ambiance-interieur","product_cat-maison"],"acf":[],"_links":{"self":[{"href":"https:\/\/lesengages.com\/preprod\/wp-json\/wp\/v2\/product\/696","targetHints":{"allow":["GET"]}}],"collection":[{"href":"https:\/\/lesengages.com\/preprod\/wp-json\/wp\/v2\/product"}],"about":[{"href":"https:\/\/lesengages.com\/preprod\/wp-json\/wp\/v2\/types\/product"}],"replies":[{"embeddable":true,"href":"https:\/\/lesengages.com\/preprod\/wp-json\/wp\/v2\/comments?post=696"}],"wp:featuredmedia":[{"embeddable":true,"href":"https:\/\/lesengages.com\/preprod\/wp-json\/wp\/v2\/media\/675"}],"wp:attachment":[{"href":"https:\/\/lesengages.com\/preprod\/wp-json\/wp\/v2\/media?parent=696"}],"wp:term":[{"taxonomy":"product_cat","embeddable":true,"href":"https:\/\/lesengages.com\/preprod\/wp-json\/wp\/v2\/product_cat?post=696"},{"taxonomy":"product_tag","embeddable":true,"href":"https:\/\/lesengages.com\/preprod\/wp-json\/wp\/v2\/product_tag?post=696"}],"curies":[{"name":"wp","href":"https:\/\/api.w.org\/{rel}","templated":true}]}}