{"id":623,"date":"2022-04-28T11:06:24","date_gmt":"2022-04-28T09:06:24","guid":{"rendered":"https:\/\/localhost\/les_engages\/?post_type=product&#038;p=623"},"modified":"2022-07-11T16:06:01","modified_gmt":"2022-07-11T14:06:01","slug":"lait-et-cafe","status":"publish","type":"product","link":"https:\/\/lesengages.com\/preprod\/produit\/lait-et-cafe\/","title":{"rendered":"Lait et caf\u00e9"},"content":{"rendered":"<p>Tablette chocolat au lait 45% de cacao et caf\u00e9<\/p>\n<p>Poids Net : 100g<\/p>\n<p>Made in Bretagne<\/p>\n","protected":false},"excerpt":{"rendered":"<p><strong>Ingr\u00e9dients<\/strong> <strong>:<\/strong><\/p>\n<ul>\n<li>Cacao : 45%<\/li>\n<li>Caf\u00e9<\/li>\n<li>Sucre de canne<\/li>\n<li>Beurre de cacao<\/li>\n<li>Lait entier<\/li>\n<li>Lait \u00e9cr\u00e9m\u00e9<\/li>\n<li>L\u00e9cithine de tournesol<\/li>\n<li>Fleur de sel<\/li>\n<li>Vanille natuelle<\/li>\n<\/ul>\n<p><strong>Allerg\u00e8ne<\/strong> : Lait, peut contenir des traces de fruits \u00e0 coque, de s\u00e9same et d&#8217;arachide<\/p>\n","protected":false},"featured_media":643,"comment_status":"open","ping_status":"closed","template":"","meta":{"inline_featured_image":false},"product_cat":[114,85,91],"product_tag":[],"class_list":["post-623","product","type-product","status-publish","has-post-thumbnail","hentry","product_cat-chocolat-gourmandises","product_cat-epicerie-fine","product_cat-epicerie-sucree"],"acf":[],"_links":{"self":[{"href":"https:\/\/lesengages.com\/preprod\/wp-json\/wp\/v2\/product\/623","targetHints":{"allow":["GET"]}}],"collection":[{"href":"https:\/\/lesengages.com\/preprod\/wp-json\/wp\/v2\/product"}],"about":[{"href":"https:\/\/lesengages.com\/preprod\/wp-json\/wp\/v2\/types\/product"}],"replies":[{"embeddable":true,"href":"https:\/\/lesengages.com\/preprod\/wp-json\/wp\/v2\/comments?post=623"}],"wp:featuredmedia":[{"embeddable":true,"href":"https:\/\/lesengages.com\/preprod\/wp-json\/wp\/v2\/media\/643"}],"wp:attachment":[{"href":"https:\/\/lesengages.com\/preprod\/wp-json\/wp\/v2\/media?parent=623"}],"wp:term":[{"taxonomy":"product_cat","embeddable":true,"href":"https:\/\/lesengages.com\/preprod\/wp-json\/wp\/v2\/product_cat?post=623"},{"taxonomy":"product_tag","embeddable":true,"href":"https:\/\/lesengages.com\/preprod\/wp-json\/wp\/v2\/product_tag?post=623"}],"curies":[{"name":"wp","href":"https:\/\/api.w.org\/{rel}","templated":true}]}}