{"id":331,"date":"2022-04-27T14:08:34","date_gmt":"2022-04-27T12:08:34","guid":{"rendered":"https:\/\/localhost\/les_engages\/?post_type=product&#038;p=331"},"modified":"2022-07-11T16:10:29","modified_gmt":"2022-07-11T14:10:29","slug":"bougies-fleuries-azalee","status":"publish","type":"product","link":"https:\/\/lesengages.com\/preprod\/produit\/bougies-fleuries-azalee\/","title":{"rendered":"Bougies fleuries \u2013 Azal\u00e9e"},"content":{"rendered":"<p>Son odeur fleurie, fruit\u00e9e et poudr\u00e9e vous mettra du baume au coeur. Un brin de printemps \u00e9gaiera votre int\u00e9rieur !<\/p>\n","protected":false},"excerpt":{"rendered":"<p>Son odeur fleurie, fruit\u00e9e et poudr\u00e9e vous mettra du baume au coeur. Un brin de printemps \u00e9gaiera votre int\u00e9rieur !<\/p>\n","protected":false},"featured_media":289,"comment_status":"open","ping_status":"closed","template":"","meta":{"inline_featured_image":false},"product_cat":[104,89],"product_tag":[],"class_list":["post-331","product","type-product","status-publish","has-post-thumbnail","hentry","product_cat-ambiance-interieur","product_cat-maison"],"acf":[],"_links":{"self":[{"href":"https:\/\/lesengages.com\/preprod\/wp-json\/wp\/v2\/product\/331","targetHints":{"allow":["GET"]}}],"collection":[{"href":"https:\/\/lesengages.com\/preprod\/wp-json\/wp\/v2\/product"}],"about":[{"href":"https:\/\/lesengages.com\/preprod\/wp-json\/wp\/v2\/types\/product"}],"replies":[{"embeddable":true,"href":"https:\/\/lesengages.com\/preprod\/wp-json\/wp\/v2\/comments?post=331"}],"wp:featuredmedia":[{"embeddable":true,"href":"https:\/\/lesengages.com\/preprod\/wp-json\/wp\/v2\/media\/289"}],"wp:attachment":[{"href":"https:\/\/lesengages.com\/preprod\/wp-json\/wp\/v2\/media?parent=331"}],"wp:term":[{"taxonomy":"product_cat","embeddable":true,"href":"https:\/\/lesengages.com\/preprod\/wp-json\/wp\/v2\/product_cat?post=331"},{"taxonomy":"product_tag","embeddable":true,"href":"https:\/\/lesengages.com\/preprod\/wp-json\/wp\/v2\/product_tag?post=331"}],"curies":[{"name":"wp","href":"https:\/\/api.w.org\/{rel}","templated":true}]}}