{"id":327,"date":"2022-04-27T14:00:27","date_gmt":"2022-04-27T12:00:27","guid":{"rendered":"https:\/\/localhost\/les_engages\/?post_type=product&#038;p=327"},"modified":"2022-07-11T16:10:40","modified_gmt":"2022-07-11T14:10:40","slug":"bougies-fleuries-jardin-dete","status":"publish","type":"product","link":"https:\/\/lesengages.com\/preprod\/produit\/bougies-fleuries-jardin-dete\/","title":{"rendered":"Bougies fleuries \u2013 Jardin d&#8217;\u00e9t\u00e9"},"content":{"rendered":"<p>Un souvenir des longues journ\u00e9es d&#8217;\u00e9t\u00e9. Les effluves fleuris et fruit\u00e9s d&#8217;un verger parfumeront votre int\u00e9rieur.<\/p>\n","protected":false},"excerpt":{"rendered":"<p>Un souvenir des longues journ\u00e9es d&#8217;\u00e9t\u00e9. Les effluves fleuris et fruit\u00e9s d&#8217;un verger parfumeront votre int\u00e9rieur.<\/p>\n","protected":false},"featured_media":287,"comment_status":"open","ping_status":"closed","template":"","meta":{"inline_featured_image":false},"product_cat":[104,89],"product_tag":[],"class_list":["post-327","product","type-product","status-publish","has-post-thumbnail","hentry","product_cat-ambiance-interieur","product_cat-maison"],"acf":[],"_links":{"self":[{"href":"https:\/\/lesengages.com\/preprod\/wp-json\/wp\/v2\/product\/327","targetHints":{"allow":["GET"]}}],"collection":[{"href":"https:\/\/lesengages.com\/preprod\/wp-json\/wp\/v2\/product"}],"about":[{"href":"https:\/\/lesengages.com\/preprod\/wp-json\/wp\/v2\/types\/product"}],"replies":[{"embeddable":true,"href":"https:\/\/lesengages.com\/preprod\/wp-json\/wp\/v2\/comments?post=327"}],"wp:featuredmedia":[{"embeddable":true,"href":"https:\/\/lesengages.com\/preprod\/wp-json\/wp\/v2\/media\/287"}],"wp:attachment":[{"href":"https:\/\/lesengages.com\/preprod\/wp-json\/wp\/v2\/media?parent=327"}],"wp:term":[{"taxonomy":"product_cat","embeddable":true,"href":"https:\/\/lesengages.com\/preprod\/wp-json\/wp\/v2\/product_cat?post=327"},{"taxonomy":"product_tag","embeddable":true,"href":"https:\/\/lesengages.com\/preprod\/wp-json\/wp\/v2\/product_tag?post=327"}],"curies":[{"name":"wp","href":"https:\/\/api.w.org\/{rel}","templated":true}]}}