{"id":325,"date":"2022-04-27T12:29:02","date_gmt":"2022-04-27T10:29:02","guid":{"rendered":"https:\/\/localhost\/les_engages\/?post_type=product&#038;p=325"},"modified":"2022-07-11T16:10:49","modified_gmt":"2022-07-11T14:10:49","slug":"bougies-fleuries-rose","status":"publish","type":"product","link":"https:\/\/lesengages.com\/preprod\/produit\/bougies-fleuries-rose\/","title":{"rendered":"Bougies fleuries \u2013 Rose"},"content":{"rendered":"<p>Le parfum doux et d\u00e9licat de l\u2019huile essentielle de Rosalina Bio r\u00e9v\u00e8le un ar\u00f4me subtil et fleuri de rose. Elle apaisera et harmonisera votre int\u00e9rieur.<\/p>\n<p>Taille : 13 x 4.3 cm<\/p>\n","protected":false},"excerpt":{"rendered":"<p>Le parfum doux et d\u00e9licat de l\u2019huile essentielle de Rosalina Bio r\u00e9v\u00e8le un ar\u00f4me subtil et fleuri de rose. Elle apaisera et harmonisera votre int\u00e9rieur. Taille : 13 x 4.3 cm<\/p>\n","protected":false},"featured_media":326,"comment_status":"open","ping_status":"closed","template":"","meta":{"inline_featured_image":false},"product_cat":[104,89],"product_tag":[],"class_list":["post-325","product","type-product","status-publish","has-post-thumbnail","hentry","product_cat-ambiance-interieur","product_cat-maison"],"acf":[],"_links":{"self":[{"href":"https:\/\/lesengages.com\/preprod\/wp-json\/wp\/v2\/product\/325","targetHints":{"allow":["GET"]}}],"collection":[{"href":"https:\/\/lesengages.com\/preprod\/wp-json\/wp\/v2\/product"}],"about":[{"href":"https:\/\/lesengages.com\/preprod\/wp-json\/wp\/v2\/types\/product"}],"replies":[{"embeddable":true,"href":"https:\/\/lesengages.com\/preprod\/wp-json\/wp\/v2\/comments?post=325"}],"wp:featuredmedia":[{"embeddable":true,"href":"https:\/\/lesengages.com\/preprod\/wp-json\/wp\/v2\/media\/326"}],"wp:attachment":[{"href":"https:\/\/lesengages.com\/preprod\/wp-json\/wp\/v2\/media?parent=325"}],"wp:term":[{"taxonomy":"product_cat","embeddable":true,"href":"https:\/\/lesengages.com\/preprod\/wp-json\/wp\/v2\/product_cat?post=325"},{"taxonomy":"product_tag","embeddable":true,"href":"https:\/\/lesengages.com\/preprod\/wp-json\/wp\/v2\/product_tag?post=325"}],"curies":[{"name":"wp","href":"https:\/\/api.w.org\/{rel}","templated":true}]}}