{"id":311,"date":"2022-04-27T12:09:27","date_gmt":"2022-04-27T10:09:27","guid":{"rendered":"https:\/\/localhost\/les_engages\/?post_type=product&#038;p=311"},"modified":"2022-07-11T16:11:00","modified_gmt":"2022-07-11T14:11:00","slug":"bougies-fleuries-symphonie-fleurie","status":"publish","type":"product","link":"https:\/\/lesengages.com\/preprod\/produit\/bougies-fleuries-symphonie-fleurie\/","title":{"rendered":"Brume d&#8217;oreiller &#8211; Symphonie fleurie"},"content":{"rendered":"<p>Brume d\u2019oreiller enrichie en huiles essentielles aux propri\u00e9t\u00e9s apaisantes et \u00e9quilibrantes. Aide \u00e0 lutter contre la fatigue nerveuse et l\u2019anxi\u00e9t\u00e9 pour un sommeil serein. Pour une chambre aux effluves fleuris.<\/p>\n","protected":false},"excerpt":{"rendered":"<p>Brume d\u2019oreiller enrichie en huiles essentielles aux propri\u00e9t\u00e9s apaisantes et \u00e9quilibrantes. Aide \u00e0 lutter contre la fatigue nerveuse et l\u2019anxi\u00e9t\u00e9 pour un sommeil serein. Pour une chambre aux effluves fleuris.<\/p>\n","protected":false},"featured_media":284,"comment_status":"open","ping_status":"closed","template":"","meta":{"inline_featured_image":false},"product_cat":[104,89],"product_tag":[],"class_list":["post-311","product","type-product","status-publish","has-post-thumbnail","hentry","product_cat-ambiance-interieur","product_cat-maison"],"acf":[],"_links":{"self":[{"href":"https:\/\/lesengages.com\/preprod\/wp-json\/wp\/v2\/product\/311","targetHints":{"allow":["GET"]}}],"collection":[{"href":"https:\/\/lesengages.com\/preprod\/wp-json\/wp\/v2\/product"}],"about":[{"href":"https:\/\/lesengages.com\/preprod\/wp-json\/wp\/v2\/types\/product"}],"replies":[{"embeddable":true,"href":"https:\/\/lesengages.com\/preprod\/wp-json\/wp\/v2\/comments?post=311"}],"wp:featuredmedia":[{"embeddable":true,"href":"https:\/\/lesengages.com\/preprod\/wp-json\/wp\/v2\/media\/284"}],"wp:attachment":[{"href":"https:\/\/lesengages.com\/preprod\/wp-json\/wp\/v2\/media?parent=311"}],"wp:term":[{"taxonomy":"product_cat","embeddable":true,"href":"https:\/\/lesengages.com\/preprod\/wp-json\/wp\/v2\/product_cat?post=311"},{"taxonomy":"product_tag","embeddable":true,"href":"https:\/\/lesengages.com\/preprod\/wp-json\/wp\/v2\/product_tag?post=311"}],"curies":[{"name":"wp","href":"https:\/\/api.w.org\/{rel}","templated":true}]}}