{"id":310,"date":"2022-04-27T12:07:46","date_gmt":"2022-04-27T10:07:46","guid":{"rendered":"https:\/\/localhost\/les_engages\/?post_type=product&#038;p=310"},"modified":"2022-07-11T16:11:09","modified_gmt":"2022-07-11T14:11:09","slug":"brume-doreiller-nuit-paisible","status":"publish","type":"product","link":"https:\/\/lesengages.com\/preprod\/produit\/brume-doreiller-nuit-paisible\/","title":{"rendered":"Brume d&#8217;oreiller &#8211; Nuit paisible"},"content":{"rendered":"<p>Brume d\u2019oreiller enrichie en huiles essentielles d\u2019Eucalyptus, de Verveine et de Mandarine aux propri\u00e9t\u00e9s apaisantes et optimisantes. Favorise la d\u00e9tente pour un nuit r\u00e9paratrice<\/p>\n","protected":false},"excerpt":{"rendered":"<p>Flacon de 30ml<\/p>\n","protected":false},"featured_media":285,"comment_status":"open","ping_status":"closed","template":"","meta":{"inline_featured_image":false},"product_cat":[104,89],"product_tag":[],"class_list":["post-310","product","type-product","status-publish","has-post-thumbnail","hentry","product_cat-ambiance-interieur","product_cat-maison"],"acf":[],"_links":{"self":[{"href":"https:\/\/lesengages.com\/preprod\/wp-json\/wp\/v2\/product\/310","targetHints":{"allow":["GET"]}}],"collection":[{"href":"https:\/\/lesengages.com\/preprod\/wp-json\/wp\/v2\/product"}],"about":[{"href":"https:\/\/lesengages.com\/preprod\/wp-json\/wp\/v2\/types\/product"}],"replies":[{"embeddable":true,"href":"https:\/\/lesengages.com\/preprod\/wp-json\/wp\/v2\/comments?post=310"}],"wp:featuredmedia":[{"embeddable":true,"href":"https:\/\/lesengages.com\/preprod\/wp-json\/wp\/v2\/media\/285"}],"wp:attachment":[{"href":"https:\/\/lesengages.com\/preprod\/wp-json\/wp\/v2\/media?parent=310"}],"wp:term":[{"taxonomy":"product_cat","embeddable":true,"href":"https:\/\/lesengages.com\/preprod\/wp-json\/wp\/v2\/product_cat?post=310"},{"taxonomy":"product_tag","embeddable":true,"href":"https:\/\/lesengages.com\/preprod\/wp-json\/wp\/v2\/product_tag?post=310"}],"curies":[{"name":"wp","href":"https:\/\/api.w.org\/{rel}","templated":true}]}}