{"id":296,"date":"2022-04-27T10:54:20","date_gmt":"2022-04-27T08:54:20","guid":{"rendered":"https:\/\/localhost\/les_engages\/?post_type=product&#038;p=296"},"modified":"2022-07-11T16:11:14","modified_gmt":"2022-07-11T14:11:14","slug":"brume-doreiller","status":"publish","type":"product","link":"https:\/\/lesengages.com\/preprod\/produit\/brume-doreiller\/","title":{"rendered":"Brume d&#8217;oreiller &#8211; Parfaite harmonie"},"content":{"rendered":"<p>Brume d\u2019oreiller enrichie en huiles essentielles de Lavande, de Marjolaine et de Bergamote aux bienfaits d\u00e9contractants et purifiants. Am\u00e9liore la qualit\u00e9 du sommeil en aidant au rel\u00e2chement des tensions du corps et de l\u2019esprit.<\/p>\n","protected":false},"excerpt":{"rendered":"<p>Flacon de 30ml<\/p>\n","protected":false},"featured_media":286,"comment_status":"open","ping_status":"closed","template":"","meta":{"inline_featured_image":false},"product_cat":[104,89],"product_tag":[],"class_list":["post-296","product","type-product","status-publish","has-post-thumbnail","hentry","product_cat-ambiance-interieur","product_cat-maison"],"acf":[],"_links":{"self":[{"href":"https:\/\/lesengages.com\/preprod\/wp-json\/wp\/v2\/product\/296","targetHints":{"allow":["GET"]}}],"collection":[{"href":"https:\/\/lesengages.com\/preprod\/wp-json\/wp\/v2\/product"}],"about":[{"href":"https:\/\/lesengages.com\/preprod\/wp-json\/wp\/v2\/types\/product"}],"replies":[{"embeddable":true,"href":"https:\/\/lesengages.com\/preprod\/wp-json\/wp\/v2\/comments?post=296"}],"wp:featuredmedia":[{"embeddable":true,"href":"https:\/\/lesengages.com\/preprod\/wp-json\/wp\/v2\/media\/286"}],"wp:attachment":[{"href":"https:\/\/lesengages.com\/preprod\/wp-json\/wp\/v2\/media?parent=296"}],"wp:term":[{"taxonomy":"product_cat","embeddable":true,"href":"https:\/\/lesengages.com\/preprod\/wp-json\/wp\/v2\/product_cat?post=296"},{"taxonomy":"product_tag","embeddable":true,"href":"https:\/\/lesengages.com\/preprod\/wp-json\/wp\/v2\/product_tag?post=296"}],"curies":[{"name":"wp","href":"https:\/\/api.w.org\/{rel}","templated":true}]}}